{"id":19183,"date":"2024-11-07T15:01:55","date_gmt":"2024-11-07T20:01:55","guid":{"rendered":"https:\/\/passioncdev.wpenginepowered.com\/nos-partenaires\/"},"modified":"2026-04-21T09:09:45","modified_gmt":"2026-04-21T14:09:45","slug":"our-partners","status":"publish","type":"page","link":"https:\/\/passion.jinnove.ca\/en\/our-partners\/","title":{"rendered":"Our Partners"},"content":{"rendered":"\t\t<div data-elementor-type=\"wp-page\" data-elementor-id=\"19183\" class=\"elementor elementor-19183 elementor-19148\" data-elementor-post-type=\"page\">\n\t\t\t\t<div class=\"elementor-element elementor-element-d88cc06 e-flex e-con-boxed e-con e-parent\" data-id=\"d88cc06\" data-element_type=\"container\" data-e-type=\"container\" data-settings=\"{&quot;background_background&quot;:&quot;classic&quot;}\">\n\t\t\t\t\t<div class=\"e-con-inner\">\n\t\t\t\t<div class=\"elementor-element elementor-element-9bf79b7 elementor-widget__width-initial elementor-widget elementor-widget-heading\" data-id=\"9bf79b7\" data-element_type=\"widget\" data-e-type=\"widget\" data-widget_type=\"heading.default\">\n\t\t\t\t\t<h2 class=\"elementor-heading-title elementor-size-default\">Our Partners<\/h2>\t\t\t\t<\/div>\n\t\t\t\t<div class=\"elementor-element elementor-element-a6b547c elementor-widget__width-initial elementor-widget-tablet_extra__width-inherit elementor-widget elementor-widget-text-editor\" data-id=\"a6b547c\" data-element_type=\"widget\" data-e-type=\"widget\" data-widget_type=\"text-editor.default\">\n\t\t\t\t\t\t\t\t\tAt Passion Chalets, we firmly believe that unity is strength. Our partners are not just allies; they are passionate individuals who share our values of authenticity. We are proud to collaborate hand-in-hand with these inspiring talents, carefully selected, as each partnership is a promise of quality.\n\nThank you for being part of the Passion Chalets family. Let\u2019s continue on the journey together, enriching our offerings and transforming every stay into an unforgettable experience.\t\t\t\t\t\t\t\t<\/div>\n\t\t\t\t\t<\/div>\n\t\t\t\t<\/div>\n\t\t<div class=\"elementor-element elementor-element-b174c23 e-con-full e-flex e-con e-parent\" data-id=\"b174c23\" data-element_type=\"container\" data-e-type=\"container\">\n\t\t<div class=\"elementor-element elementor-element-e9933ff e-con-full e-flex e-con e-child\" data-id=\"e9933ff\" data-element_type=\"container\" data-e-type=\"container\">\n\t\t\t\t<div class=\"elementor-element elementor-element-5fe30c0 elementor-widget elementor-widget-image\" data-id=\"5fe30c0\" data-element_type=\"widget\" data-e-type=\"widget\" data-widget_type=\"image.default\">\n\t\t\t\t\t\t\t\t\t\t\t\t\t\t\t<img fetchpriority=\"high\" decoding=\"async\" width=\"640\" height=\"968\" src=\"https:\/\/passion-chalets.storage.googleapis.com\/wp-content\/uploads\/2025\/02\/04113115\/DSC00828-677x1024.jpg\" class=\"attachment-large size-large wp-image-21267\" alt=\"\" srcset=\"https:\/\/passion-chalets.storage.googleapis.com\/wp-content\/uploads\/2025\/02\/04113115\/DSC00828-677x1024.jpg 677w, https:\/\/passion-chalets.storage.googleapis.com\/wp-content\/uploads\/2025\/02\/04113115\/DSC00828-198x300.jpg 198w, https:\/\/passion-chalets.storage.googleapis.com\/wp-content\/uploads\/2025\/02\/04113115\/DSC00828-768x1161.jpg 768w, https:\/\/passion-chalets.storage.googleapis.com\/wp-content\/uploads\/2025\/02\/04113115\/DSC00828-1016x1536.jpg 1016w, https:\/\/passion-chalets.storage.googleapis.com\/wp-content\/uploads\/2025\/02\/04113115\/DSC00828-1354x2048.jpg 1354w, https:\/\/passion-chalets.storage.googleapis.com\/wp-content\/uploads\/2025\/02\/04113115\/DSC00828-500x756.jpg 500w, https:\/\/passion-chalets.storage.googleapis.com\/wp-content\/uploads\/2025\/02\/04113115\/DSC00828-800x1210.jpg 800w, https:\/\/passion-chalets.storage.googleapis.com\/wp-content\/uploads\/2025\/02\/04113115\/DSC00828-1280x1936.jpg 1280w, https:\/\/passion-chalets.storage.googleapis.com\/wp-content\/uploads\/2025\/02\/04113115\/DSC00828-1920x2903.jpg 1920w\" sizes=\"(max-width: 640px) 100vw, 640px\" \/>\t\t\t\t\t\t\t\t\t\t\t\t\t\t\t<\/div>\n\t\t\t\t<\/div>\n\t\t<div class=\"elementor-element elementor-element-69b8c7b e-con-full e-flex e-con e-child\" data-id=\"69b8c7b\" data-element_type=\"container\" data-e-type=\"container\" data-settings=\"{&quot;background_background&quot;:&quot;classic&quot;}\">\n\t\t\t\t<div class=\"elementor-element elementor-element-bb081b1 elementor-widget elementor-widget-heading\" data-id=\"bb081b1\" data-element_type=\"widget\" data-e-type=\"widget\" data-widget_type=\"heading.default\">\n\t\t\t\t\t<h2 class=\"elementor-heading-title elementor-size-default\">Our Ambassadors:<br \/>\nJulie Ringuette &amp; Pascal Morissette<\/h2>\t\t\t\t<\/div>\n\t\t\t\t<div class=\"elementor-element elementor-element-867426a elementor-widget elementor-widget-text-editor\" data-id=\"867426a\" data-element_type=\"widget\" data-e-type=\"widget\" data-widget_type=\"text-editor.default\">\n\t\t\t\t\t\t\t\t\tJulie Ringuette and Pascal Morrissette, our star couple at Passion Chalets, embody a close-knit and authentic duo that brings warmth, energy, and good cheer to every project they undertake. Julie, a talented actress and host, is known for her charisma, while Pascal, a host and comedian, captivates with his inclusive sense of humor. Together, they form an inspiring and approachable public couple, loved for their zest for life and freshness. Their positive energy and family values make them ideal ambassadors, sharing with Passion Chalets their convivial spirit and passion for simplicity and natural happiness.\n\n\t\t\t\t\t\t\t\t<\/div>\n\t\t\t\t<div class=\"elementor-element elementor-element-be1fcf4 elementor-align-left elementor-mobile-align-left elementor-widget elementor-widget-button\" data-id=\"be1fcf4\" data-element_type=\"widget\" data-e-type=\"widget\" data-widget_type=\"button.default\">\n\t\t\t\t\t\t\t\t\t\t<a class=\"elementor-button elementor-button-link elementor-size-sm\" href=\"\/en\/cottage-rentals\/le-hamac\/\">\n\t\t\t\t\t\t<span class=\"elementor-button-content-wrapper\">\n\t\t\t\t\t\t\t\t\t<span class=\"elementor-button-text\">See their chalet<\/span>\n\t\t\t\t\t<\/span>\n\t\t\t\t\t<\/a>\n\t\t\t\t\t\t\t\t<\/div>\n\t\t\t\t<\/div>\n\t\t\t\t<\/div>\n\t\t<div class=\"elementor-element elementor-element-a80ee55 e-con-full marquee e-flex e-con e-parent\" data-id=\"a80ee55\" data-element_type=\"container\" data-e-type=\"container\" data-settings=\"{&quot;background_background&quot;:&quot;classic&quot;}\">\n\t\t\t\t<div class=\"elementor-element elementor-element-f0e5b49 elementor-skin-carousel elementor-widget elementor-widget-media-carousel\" data-id=\"f0e5b49\" data-element_type=\"widget\" data-e-type=\"widget\" data-settings=\"{&quot;slides_per_view&quot;:&quot;7&quot;,&quot;slides_per_view_tablet&quot;:&quot;3&quot;,&quot;slides_per_view_mobile&quot;:&quot;2&quot;,&quot;slides_to_scroll&quot;:&quot;1&quot;,&quot;autoplay_speed&quot;:1000,&quot;space_between&quot;:{&quot;unit&quot;:&quot;px&quot;,&quot;size&quot;:50,&quot;sizes&quot;:[]},&quot;space_between_tablet&quot;:{&quot;unit&quot;:&quot;px&quot;,&quot;size&quot;:50,&quot;sizes&quot;:[]},&quot;space_between_mobile&quot;:{&quot;unit&quot;:&quot;px&quot;,&quot;size&quot;:25,&quot;sizes&quot;:[]},&quot;skin&quot;:&quot;carousel&quot;,&quot;effect&quot;:&quot;slide&quot;,&quot;speed&quot;:500,&quot;autoplay&quot;:&quot;yes&quot;,&quot;loop&quot;:&quot;yes&quot;,&quot;pause_on_interaction&quot;:&quot;yes&quot;,&quot;space_between_laptop&quot;:{&quot;unit&quot;:&quot;px&quot;,&quot;size&quot;:10,&quot;sizes&quot;:[]},&quot;space_between_tablet_extra&quot;:{&quot;unit&quot;:&quot;px&quot;,&quot;size&quot;:10,&quot;sizes&quot;:[]},&quot;space_between_mobile_extra&quot;:{&quot;unit&quot;:&quot;px&quot;,&quot;size&quot;:10,&quot;sizes&quot;:[]}}\" data-widget_type=\"media-carousel.default\">\n\t\t\t\t\t\t\t\t\t\t<div class=\"elementor-main-swiper swiper\" role=\"region\" aria-roledescription=\"carousel\" aria-label=\"Diapositives\">\n\t\t\t\t<div class=\"swiper-wrapper\">\n\t\t\t\t\t\t\t\t\t\t\t<div class=\"swiper-slide\" role=\"group\" aria-roledescription=\"slide\">\n\t\t\t\t\t\t\t<a href=\"https:\/\/www.reservit.com\/\" target=\"_blank\" rel=\"noopener\">\t\t<div class=\"elementor-carousel-image\" role=\"img\" aria-label=\"Reservit\" style=\"background-image: url(&#039;https:\/\/passion-chalets.storage.googleapis.com\/wp-content\/uploads\/2024\/11\/04114522\/Reservit.webp&#039;)\">\n\n\t\t\t\n\t\t\t\t\t<\/div>\n\t\t<\/a>\t\t\t\t\t\t<\/div>\n\t\t\t\t\t\t\t\t\t\t\t<div class=\"swiper-slide\" role=\"group\" aria-roledescription=\"slide\">\n\t\t\t\t\t\t\t<a href=\"https:\/\/onetreeplanted.org\/\" target=\"_blank\" rel=\"noopener\">\t\t<div class=\"elementor-carousel-image\" role=\"img\" aria-label=\"One-Tree-Planted\" style=\"background-image: url(&#039;https:\/\/passion-chalets.storage.googleapis.com\/wp-content\/uploads\/2024\/11\/04114523\/One-Tree-Planted.png&#039;)\">\n\n\t\t\t\n\t\t\t\t\t<\/div>\n\t\t<\/a>\t\t\t\t\t\t<\/div>\n\t\t\t\t\t\t\t\t\t\t\t<div class=\"swiper-slide\" role=\"group\" aria-roledescription=\"slide\">\n\t\t\t\t\t\t\t<a href=\"https:\/\/cietech.ca\/\" target=\"_blank\" rel=\"noopener\">\t\t<div class=\"elementor-carousel-image\" role=\"img\" aria-label=\"CieTech\" style=\"background-image: url(&#039;https:\/\/passion-chalets.storage.googleapis.com\/wp-content\/uploads\/2024\/11\/04114528\/CieTech.webp&#039;)\">\n\n\t\t\t\n\t\t\t\t\t<\/div>\n\t\t<\/a>\t\t\t\t\t\t<\/div>\n\t\t\t\t\t\t\t\t\t\t\t<div class=\"swiper-slide\" role=\"group\" aria-roledescription=\"slide\">\n\t\t\t\t\t\t\t<a href=\"https:\/\/cienov.ca\/\" target=\"_blank\" rel=\"noopener\">\t\t<div class=\"elementor-carousel-image\" role=\"img\" aria-label=\"CieNov\" style=\"background-image: url(&#039;https:\/\/passion-chalets.storage.googleapis.com\/wp-content\/uploads\/2024\/11\/04114529\/CieNov.png&#039;)\">\n\n\t\t\t\n\t\t\t\t\t<\/div>\n\t\t<\/a>\t\t\t\t\t\t<\/div>\n\t\t\t\t\t\t\t\t\t\t\t<div class=\"swiper-slide\" role=\"group\" aria-roledescription=\"slide\">\n\t\t\t\t\t\t\t<a href=\"https:\/\/telioassure.com\/\" target=\"_blank\" rel=\"noopener\">\t\t<div class=\"elementor-carousel-image\" role=\"img\" aria-label=\"TelioAssurance\" style=\"background-image: url(&#039;https:\/\/passion-chalets.storage.googleapis.com\/wp-content\/uploads\/2024\/11\/04114520\/TelioAssurance.png&#039;)\">\n\n\t\t\t\n\t\t\t\t\t<\/div>\n\t\t<\/a>\t\t\t\t\t\t<\/div>\n\t\t\t\t\t\t\t\t\t\t\t<div class=\"swiper-slide\" role=\"group\" aria-roledescription=\"slide\">\n\t\t\t\t\t\t\t<a href=\"https:\/\/www.jinnove.ca\/\" target=\"_blank\" rel=\"noopener\">\t\t<div class=\"elementor-carousel-image\" role=\"img\" aria-label=\"Jinnove\" style=\"background-image: url(&#039;https:\/\/passion-chalets.storage.googleapis.com\/wp-content\/uploads\/2024\/11\/04114527\/Jinnove.jpg&#039;)\">\n\n\t\t\t\n\t\t\t\t\t<\/div>\n\t\t<\/a>\t\t\t\t\t\t<\/div>\n\t\t\t\t\t\t\t\t\t\t\t<div class=\"swiper-slide\" role=\"group\" aria-roledescription=\"slide\">\n\t\t\t\t\t\t\t<a href=\"https:\/\/ciklo.ca\/\" target=\"_blank\" rel=\"noopener\">\t\t<div class=\"elementor-carousel-image\" role=\"img\" aria-label=\"Ciklo-sencrl-Noir\" style=\"background-image: url(&#039;https:\/\/passion-chalets.storage.googleapis.com\/wp-content\/uploads\/2024\/12\/04114239\/Ciklo-sencrl-Noir.png&#039;)\">\n\n\t\t\t\n\t\t\t\t\t<\/div>\n\t\t<\/a>\t\t\t\t\t\t<\/div>\n\t\t\t\t\t\t\t\t\t\t\t<div class=\"swiper-slide\" role=\"group\" aria-roledescription=\"slide\">\n\t\t\t\t\t\t\t<a href=\"https:\/\/lafabriqueloufoque.com\/\" target=\"_blank\" rel=\"noopener\">\t\t<div class=\"elementor-carousel-image\" role=\"img\" aria-label=\"La-fabrique-Loufoque-1\" style=\"background-image: url(&#039;https:\/\/passion-chalets.storage.googleapis.com\/wp-content\/uploads\/2024\/11\/04114525\/La-fabrique-Loufoque-1.png&#039;)\">\n\n\t\t\t\n\t\t\t\t\t<\/div>\n\t\t<\/a>\t\t\t\t\t\t<\/div>\n\t\t\t\t\t\t\t\t\t\t\t<div class=\"swiper-slide\" role=\"group\" aria-roledescription=\"slide\">\n\t\t\t\t\t\t\t<a href=\"https:\/\/www.goutez.ca\/fr\" target=\"_blank\" rel=\"noopener\">\t\t<div class=\"elementor-carousel-image\" role=\"img\" aria-label=\"logo-pour-page-CDBL\" style=\"background-image: url(&#039;https:\/\/passion-chalets.storage.googleapis.com\/wp-content\/uploads\/2025\/09\/04104426\/logo-pour-page-CDBL.webp&#039;)\">\n\n\t\t\t\n\t\t\t\t\t<\/div>\n\t\t<\/a>\t\t\t\t\t\t<\/div>\n\t\t\t\t\t\t\t\t\t\t\t<div class=\"swiper-slide\" role=\"group\" aria-roledescription=\"slide\">\n\t\t\t\t\t\t\t<a href=\"https:\/\/www.behindcreation.com\/\" target=\"_blank\" rel=\"noopener\">\t\t<div class=\"elementor-carousel-image\" role=\"img\" aria-label=\"BC\" style=\"background-image: url(&#039;https:\/\/passion-chalets.storage.googleapis.com\/wp-content\/uploads\/2025\/02\/04113116\/BC-e1740405528862.png&#039;)\">\n\n\t\t\t\n\t\t\t\t\t<\/div>\n\t\t<\/a>\t\t\t\t\t\t<\/div>\n\t\t\t\t\t\t\t\t\t\t\t<div class=\"swiper-slide\" role=\"group\" aria-roledescription=\"slide\">\n\t\t\t\t\t\t\t<a href=\"https:\/\/madevazion.com\/\" target=\"_blank\" rel=\"noopener\">\t\t<div class=\"elementor-carousel-image\" role=\"img\" aria-label=\"Mad \u00c9vasion\" style=\"background-image: url(&#039;https:\/\/passion-chalets.storage.googleapis.com\/wp-content\/uploads\/2024\/12\/04114035\/Capture.png&#039;)\">\n\n\t\t\t\n\t\t\t\t\t<\/div>\n\t\t<\/a>\t\t\t\t\t\t<\/div>\n\t\t\t\t\t\t\t\t\t\t\t<div class=\"swiper-slide\" role=\"group\" aria-roledescription=\"slide\">\n\t\t\t\t\t\t\t<a href=\"https:\/\/citq.qc.ca\/fr\/index.php\" target=\"_blank\" rel=\"noopener\">\t\t<div class=\"elementor-carousel-image\" role=\"img\" aria-label=\"citq-couleur\" style=\"background-image: url(&#039;https:\/\/passion-chalets.storage.googleapis.com\/wp-content\/uploads\/2024\/12\/04114040\/citq-couleur.png&#039;)\">\n\n\t\t\t\n\t\t\t\t\t<\/div>\n\t\t<\/a>\t\t\t\t\t\t<\/div>\n\t\t\t\t\t\t\t\t\t\t\t<div class=\"swiper-slide\" role=\"group\" aria-roledescription=\"slide\">\n\t\t\t\t\t\t\t<a href=\"https:\/\/stripe.com\/\" target=\"_blank\" rel=\"noopener\">\t\t<div class=\"elementor-carousel-image\" role=\"img\" aria-label=\"Stripe\" style=\"background-image: url(&#039;https:\/\/passion-chalets.storage.googleapis.com\/wp-content\/uploads\/2026\/04\/21090418\/png-stripe-black-logo-701751694777752tf2jj8zsmw-jukebox-bg-removed.png&#039;)\">\n\n\t\t\t\n\t\t\t\t\t<\/div>\n\t\t<\/a>\t\t\t\t\t\t<\/div>\n\t\t\t\t\t\t\t\t\t\t\t<div class=\"swiper-slide\" role=\"group\" aria-roledescription=\"slide\">\n\t\t\t\t\t\t\t<a href=\"https:\/\/www.flammenue.ca\/\" target=\"_blank\" rel=\"noopener\">\t\t<div class=\"elementor-carousel-image\" role=\"img\" aria-label=\"Partenariat massoth\u00e9rapie\" style=\"background-image: url(&#039;https:\/\/passion-chalets.storage.googleapis.com\/wp-content\/uploads\/2026\/04\/21090038\/Partenariat-massotherapie-2.jpg&#039;)\">\n\n\t\t\t\n\t\t\t\t\t<\/div>\n\t\t<\/a>\t\t\t\t\t\t<\/div>\n\t\t\t\t\t\t\t\t\t<\/div>\n\t\t\t\t\t\t\t\t\t\t\t\t\t\t\t\t\t\t\t\t\t<\/div>\n\t\t\t\t\t\t\t\t<\/div>\n\t\t\t\t<\/div>\n\t\t<div class=\"elementor-element elementor-element-ab1b73b e-con-full e-flex e-con e-parent\" data-id=\"ab1b73b\" data-element_type=\"container\" data-e-type=\"container\" data-settings=\"{&quot;background_background&quot;:&quot;classic&quot;}\">\n\t\t<div class=\"elementor-element elementor-element-a016409 e-con-full e-flex e-con e-child\" data-id=\"a016409\" data-element_type=\"container\" data-e-type=\"container\">\n\t\t\t\t<div class=\"elementor-element elementor-element-5a6524a elementor-widget elementor-widget-image\" data-id=\"5a6524a\" data-element_type=\"widget\" data-e-type=\"widget\" data-widget_type=\"image.default\">\n\t\t\t\t\t\t\t\t\t\t\t\t\t\t\t<img decoding=\"async\" width=\"640\" height=\"427\" src=\"https:\/\/passion-chalets.storage.googleapis.com\/wp-content\/uploads\/2025\/10\/04104247\/boites-goutez-lanaudiere-768x512-1.jpg\" class=\"attachment-large size-large wp-image-27970\" alt=\"\" srcset=\"https:\/\/passion-chalets.storage.googleapis.com\/wp-content\/uploads\/2025\/10\/04104247\/boites-goutez-lanaudiere-768x512-1.jpg 768w, https:\/\/passion-chalets.storage.googleapis.com\/wp-content\/uploads\/2025\/10\/04104247\/boites-goutez-lanaudiere-768x512-1-300x200.jpg 300w, https:\/\/passion-chalets.storage.googleapis.com\/wp-content\/uploads\/2025\/10\/04104247\/boites-goutez-lanaudiere-768x512-1-500x333.jpg 500w\" sizes=\"(max-width: 640px) 100vw, 640px\" \/>\t\t\t\t\t\t\t\t\t\t\t\t\t\t\t<\/div>\n\t\t\t\t<\/div>\n\t\t<div class=\"elementor-element elementor-element-d00fa05 e-con-full e-flex e-con e-child\" data-id=\"d00fa05\" data-element_type=\"container\" data-e-type=\"container\" data-settings=\"{&quot;background_background&quot;:&quot;classic&quot;}\">\n\t\t\t\t<div class=\"elementor-element elementor-element-2f63a34 elementor-widget elementor-widget-heading\" data-id=\"2f63a34\" data-element_type=\"widget\" data-e-type=\"widget\" data-widget_type=\"heading.default\">\n\t\t\t\t\t<h2 class=\"elementor-heading-title elementor-size-default\">A Getaway with Local Flavour\n<\/h2>\t\t\t\t<\/div>\n\t\t\t\t<div class=\"elementor-element elementor-element-04623bf elementor-widget elementor-widget-text-editor\" data-id=\"04623bf\" data-element_type=\"widget\" data-e-type=\"widget\" data-widget_type=\"text-editor.default\">\n\t\t\t\t\t\t\t\t\t<p>What if you discovered a new way to experience your stay \u2014 through its flavours?<\/p><p>Thanks to our partnership with Les Bo\u00eetes Go\u00fbtez Lanaudi\u00e8re, treat yourself to a unique culinary experience that showcases the talent of local artisans. Each box is filled with carefully selected regional products designed to awaken your taste buds and add a delicious touch to your getaway.<\/p><p>Whether it\u2019s a refined aperitif, a ready-to-grill BBQ kit, or a convenient lunch box, there\u2019s something to suit every craving.<\/p><p>Tasting Lanaudi\u00e8re also means discovering the region through its authentic flavours in 3 easy steps:<br \/>Choose \u2013 Pick up \u2013 Enjoy<\/p>\t\t\t\t\t\t\t\t<\/div>\n\t\t\t\t<div class=\"elementor-element elementor-element-6a3da4e elementor-align-left elementor-mobile-align-left elementor-widget elementor-widget-button\" data-id=\"6a3da4e\" data-element_type=\"widget\" data-e-type=\"widget\" data-widget_type=\"button.default\">\n\t\t\t\t\t\t\t\t\t\t<a class=\"elementor-button elementor-button-link elementor-size-sm\" href=\"https:\/\/www.goutez.ca\/fr\" target=\"_blank\" rel=\"noopener\">\n\t\t\t\t\t\t<span class=\"elementor-button-content-wrapper\">\n\t\t\t\t\t\t\t\t\t<span class=\"elementor-button-text\"> Order My Box<\/span>\n\t\t\t\t\t<\/span>\n\t\t\t\t\t<\/a>\n\t\t\t\t\t\t\t\t<\/div>\n\t\t\t\t<\/div>\n\t\t\t\t<\/div>\n\t\t<div class=\"elementor-element elementor-element-df9b290 e-con-full e-flex e-con e-parent\" data-id=\"df9b290\" data-element_type=\"container\" data-e-type=\"container\">\n\t\t<div class=\"elementor-element elementor-element-838d95a e-con-full e-flex e-con e-child\" data-id=\"838d95a\" data-element_type=\"container\" data-e-type=\"container\">\n\t\t\t\t<div class=\"elementor-element elementor-element-eaa9196 elementor-widget elementor-widget-image\" data-id=\"eaa9196\" data-element_type=\"widget\" data-e-type=\"widget\" data-widget_type=\"image.default\">\n\t\t\t\t\t\t\t\t\t\t\t\t\t\t\t<img decoding=\"async\" width=\"2048\" height=\"1525\" src=\"https:\/\/passion-chalets.storage.googleapis.com\/wp-content\/uploads\/2025\/10\/04104245\/Au-coeur-de-Weedon-se-dessine-un-projet-porteur-de-valaurs.png\" class=\"attachment-full size-full wp-image-27978\" alt=\"\" srcset=\"https:\/\/passion-chalets.storage.googleapis.com\/wp-content\/uploads\/2025\/10\/04104245\/Au-coeur-de-Weedon-se-dessine-un-projet-porteur-de-valaurs.png 2048w, https:\/\/passion-chalets.storage.googleapis.com\/wp-content\/uploads\/2025\/10\/04104245\/Au-coeur-de-Weedon-se-dessine-un-projet-porteur-de-valaurs-300x223.png 300w, https:\/\/passion-chalets.storage.googleapis.com\/wp-content\/uploads\/2025\/10\/04104245\/Au-coeur-de-Weedon-se-dessine-un-projet-porteur-de-valaurs-1024x763.png 1024w, https:\/\/passion-chalets.storage.googleapis.com\/wp-content\/uploads\/2025\/10\/04104245\/Au-coeur-de-Weedon-se-dessine-un-projet-porteur-de-valaurs-768x572.png 768w, https:\/\/passion-chalets.storage.googleapis.com\/wp-content\/uploads\/2025\/10\/04104245\/Au-coeur-de-Weedon-se-dessine-un-projet-porteur-de-valaurs-1536x1144.png 1536w, https:\/\/passion-chalets.storage.googleapis.com\/wp-content\/uploads\/2025\/10\/04104245\/Au-coeur-de-Weedon-se-dessine-un-projet-porteur-de-valaurs-260x195.png 260w, https:\/\/passion-chalets.storage.googleapis.com\/wp-content\/uploads\/2025\/10\/04104245\/Au-coeur-de-Weedon-se-dessine-un-projet-porteur-de-valaurs-500x372.png 500w, https:\/\/passion-chalets.storage.googleapis.com\/wp-content\/uploads\/2025\/10\/04104245\/Au-coeur-de-Weedon-se-dessine-un-projet-porteur-de-valaurs-800x596.png 800w, https:\/\/passion-chalets.storage.googleapis.com\/wp-content\/uploads\/2025\/10\/04104245\/Au-coeur-de-Weedon-se-dessine-un-projet-porteur-de-valaurs-1280x953.png 1280w, https:\/\/passion-chalets.storage.googleapis.com\/wp-content\/uploads\/2025\/10\/04104245\/Au-coeur-de-Weedon-se-dessine-un-projet-porteur-de-valaurs-1920x1430.png 1920w, https:\/\/passion-chalets.storage.googleapis.com\/wp-content\/uploads\/2025\/10\/04104245\/Au-coeur-de-Weedon-se-dessine-un-projet-porteur-de-valaurs-350x260.png 350w, https:\/\/passion-chalets.storage.googleapis.com\/wp-content\/uploads\/2025\/10\/04104245\/Au-coeur-de-Weedon-se-dessine-un-projet-porteur-de-valaurs-700x520.png 700w\" sizes=\"(max-width: 2048px) 100vw, 2048px\" \/>\t\t\t\t\t\t\t\t\t\t\t\t\t\t\t<\/div>\n\t\t\t\t<\/div>\n\t\t<div class=\"elementor-element elementor-element-cd83334 e-con-full e-flex e-con e-child\" data-id=\"cd83334\" data-element_type=\"container\" data-e-type=\"container\" data-settings=\"{&quot;background_background&quot;:&quot;classic&quot;}\">\n\t\t\t\t<div class=\"elementor-element elementor-element-f902ffb elementor-widget elementor-widget-heading\" data-id=\"f902ffb\" data-element_type=\"widget\" data-e-type=\"widget\" data-widget_type=\"heading.default\">\n\t\t\t\t\t<h2 class=\"elementor-heading-title elementor-size-default\">Destination W<\/h2>\t\t\t\t<\/div>\n\t\t\t\t<div class=\"elementor-element elementor-element-7645668 elementor-widget elementor-widget-text-editor\" data-id=\"7645668\" data-element_type=\"widget\" data-e-type=\"widget\" data-widget_type=\"text-editor.default\">\n\t\t\t\t\t\t\t\t\tPassion Chalets is proud to partner with Destination W in Weedon, an eco-friendly resort project aimed at highlighting the region and offering an immersive and unique tourism experience. Combining luxury and nature, Destination W offers stays in unique accommodations, outdoor activities, cultural events, and wellness services, all within a framework of sustainable development and support for the local economy. With Peter MacLeod as spokesperson, this partnership brings warmth and recognition, offering visitors an authentic, memorable, and revitalizing getaway. Discover all the stages of this inspiring project here:\t\t\t\t\t\t\t\t<\/div>\n\t\t\t\t<div class=\"elementor-element elementor-element-420a261 elementor-align-left elementor-mobile-align-left elementor-widget elementor-widget-button\" data-id=\"420a261\" data-element_type=\"widget\" data-e-type=\"widget\" data-widget_type=\"button.default\">\n\t\t\t\t\t\t\t\t\t\t<a class=\"elementor-button elementor-button-link elementor-size-sm\" href=\"https:\/\/www.destinationw.ca\/\" target=\"_blank\" rel=\"noopener\">\n\t\t\t\t\t\t<span class=\"elementor-button-content-wrapper\">\n\t\t\t\t\t\t\t\t\t<span class=\"elementor-button-text\">Find Out More<\/span>\n\t\t\t\t\t<\/span>\n\t\t\t\t\t<\/a>\n\t\t\t\t\t\t\t\t<\/div>\n\t\t\t\t<\/div>\n\t\t\t\t<\/div>\n\t\t\t\t<\/div>\n\t\t","protected":false},"excerpt":{"rendered":"<p>Our Partners At Passion Chalets, we firmly believe that unity is strength. Our partners are not just allies; they are passionate individuals who share our values of authenticity. We are&hellip;<\/p>\n","protected":false},"author":3,"featured_media":21266,"parent":0,"menu_order":0,"comment_status":"closed","ping_status":"closed","template":"","meta":{"_acf_changed":false,"footnotes":""},"class_list":["post-19183","page","type-page","status-publish","has-post-thumbnail","hentry"],"acf":[],"_links":{"self":[{"href":"https:\/\/passion.jinnove.ca\/en\/wp-json\/wp\/v2\/pages\/19183","targetHints":{"allow":["GET"]}}],"collection":[{"href":"https:\/\/passion.jinnove.ca\/en\/wp-json\/wp\/v2\/pages"}],"about":[{"href":"https:\/\/passion.jinnove.ca\/en\/wp-json\/wp\/v2\/types\/page"}],"author":[{"embeddable":true,"href":"https:\/\/passion.jinnove.ca\/en\/wp-json\/wp\/v2\/users\/3"}],"replies":[{"embeddable":true,"href":"https:\/\/passion.jinnove.ca\/en\/wp-json\/wp\/v2\/comments?post=19183"}],"version-history":[{"count":0,"href":"https:\/\/passion.jinnove.ca\/en\/wp-json\/wp\/v2\/pages\/19183\/revisions"}],"wp:featuredmedia":[{"embeddable":true,"href":"https:\/\/passion.jinnove.ca\/en\/wp-json\/wp\/v2\/media\/21266"}],"wp:attachment":[{"href":"https:\/\/passion.jinnove.ca\/en\/wp-json\/wp\/v2\/media?parent=19183"}],"curies":[{"name":"wp","href":"https:\/\/api.w.org\/{rel}","templated":true}]}}